{"id":133,"date":"2025-06-24T19:30:08","date_gmt":"2025-06-24T19:30:08","guid":{"rendered":"https:\/\/cmvaccoord.nl\/wordpress\/?page_id=133"},"modified":"2026-02-01T14:31:25","modified_gmt":"2026-02-01T14:31:25","slug":"onderdeel-brassband","status":"publish","type":"page","link":"https:\/\/cmvaccoord.nl\/index.php\/home\/onderdeel-brassband\/","title":{"rendered":"Onderdeel &#8211; Brassband"},"content":{"rendered":"<p>Een brassband is het Engelse woord voor koperorkest. De brassband komt oorspronkelijk uit Engeland. Het orkest bestaat uit enkel koperen blaasinstrumenten aangevuld met slagwerk. De oorspronkelijke brassbandbezetting bestaat dan ook maar uit 25 blazers en slagwerk.<\/p>\n<p>De standaardbezetting van een brassband bestaat uit \u00e9\u00e9n es-cornet, negen cornetten, \u00e9\u00e9n bugel, drie alt-hoorns, twee baritons, twee euphoniums, drie trombones, twee bastubas&#8217;s in es, twee bastuba&#8217;s in bes en tenslotte slagwerk en pauken.<\/p>\n<p>De repertoire keus levert een brassband geen enkel probleem op: de laatste jaren schrijven met name ook in Nederland veel componisten originele composities voor deze specifieke orkestvorm.<\/p>\n<p><img loading=\"lazy\" decoding=\"async\" class=\"aligncenter wp-image-150 size-full\" src=\"https:\/\/cmvaccoord.nl\/wordpress\/wp-content\/uploads\/2025\/06\/brassband01.jpg\" alt=\"\" width=\"584\" height=\"389\" srcset=\"https:\/\/cmvaccoord.nl\/wordpress\/wp-content\/uploads\/2025\/06\/brassband01.jpg 584w, https:\/\/cmvaccoord.nl\/wordpress\/wp-content\/uploads\/2025\/06\/brassband01-300x200.jpg 300w\" sizes=\"auto, (max-width: 584px) 100vw, 584px\" \/><\/p>\n","protected":false},"excerpt":{"rendered":"<p>Een brassband is het Engelse woord voor koperorkest. De brassband komt oorspronkelijk uit Engeland. Het orkest bestaat uit enkel koperen [&hellip;]<\/p>\n","protected":false},"author":1,"featured_media":134,"parent":814,"menu_order":3,"comment_status":"closed","ping_status":"closed","template":"","meta":{"site-sidebar-layout":"default","site-content-layout":"","ast-site-content-layout":"default","site-content-style":"default","site-sidebar-style":"default","ast-global-header-display":"","ast-banner-title-visibility":"","ast-main-header-display":"","ast-hfb-above-header-display":"","ast-hfb-below-header-display":"","ast-hfb-mobile-header-display":"","site-post-title":"","ast-breadcrumbs-content":"","ast-featured-img":"","footer-sml-layout":"","ast-disable-related-posts":"","theme-transparent-header-meta":"default","adv-header-id-meta":"","stick-header-meta":"","header-above-stick-meta":"","header-main-stick-meta":"","header-below-stick-meta":"","astra-migrate-meta-layouts":"set","ast-page-background-enabled":"default","ast-page-background-meta":{"desktop":{"background-color":"var(--ast-global-color-5)","background-image":"","background-repeat":"repeat","background-position":"center center","background-size":"auto","background-attachment":"scroll","background-type":"","background-media":"","overlay-type":"","overlay-color":"","overlay-opacity":"","overlay-gradient":""},"tablet":{"background-color":"","background-image":"","background-repeat":"repeat","background-position":"center center","background-size":"auto","background-attachment":"scroll","background-type":"","background-media":"","overlay-type":"","overlay-color":"","overlay-opacity":"","overlay-gradient":""},"mobile":{"background-color":"","background-image":"","background-repeat":"repeat","background-position":"center center","background-size":"auto","background-attachment":"scroll","background-type":"","background-media":"","overlay-type":"","overlay-color":"","overlay-opacity":"","overlay-gradient":""}},"ast-content-background-meta":{"desktop":{"background-color":"var(--ast-global-color-4)","background-image":"","background-repeat":"repeat","background-position":"center center","background-size":"auto","background-attachment":"scroll","background-type":"","background-media":"","overlay-type":"","overlay-color":"","overlay-opacity":"","overlay-gradient":""},"tablet":{"background-color":"var(--ast-global-color-4)","background-image":"","background-repeat":"repeat","background-position":"center center","background-size":"auto","background-attachment":"scroll","background-type":"","background-media":"","overlay-type":"","overlay-color":"","overlay-opacity":"","overlay-gradient":""},"mobile":{"background-color":"var(--ast-global-color-4)","background-image":"","background-repeat":"repeat","background-position":"center center","background-size":"auto","background-attachment":"scroll","background-type":"","background-media":"","overlay-type":"","overlay-color":"","overlay-opacity":"","overlay-gradient":""}},"footnotes":""},"class_list":["post-133","page","type-page","status-publish","has-post-thumbnail","hentry"],"_links":{"self":[{"href":"https:\/\/cmvaccoord.nl\/index.php\/wp-json\/wp\/v2\/pages\/133","targetHints":{"allow":["GET"]}}],"collection":[{"href":"https:\/\/cmvaccoord.nl\/index.php\/wp-json\/wp\/v2\/pages"}],"about":[{"href":"https:\/\/cmvaccoord.nl\/index.php\/wp-json\/wp\/v2\/types\/page"}],"author":[{"embeddable":true,"href":"https:\/\/cmvaccoord.nl\/index.php\/wp-json\/wp\/v2\/users\/1"}],"replies":[{"embeddable":true,"href":"https:\/\/cmvaccoord.nl\/index.php\/wp-json\/wp\/v2\/comments?post=133"}],"version-history":[{"count":5,"href":"https:\/\/cmvaccoord.nl\/index.php\/wp-json\/wp\/v2\/pages\/133\/revisions"}],"predecessor-version":[{"id":184,"href":"https:\/\/cmvaccoord.nl\/index.php\/wp-json\/wp\/v2\/pages\/133\/revisions\/184"}],"up":[{"embeddable":true,"href":"https:\/\/cmvaccoord.nl\/index.php\/wp-json\/wp\/v2\/pages\/814"}],"wp:featuredmedia":[{"embeddable":true,"href":"https:\/\/cmvaccoord.nl\/index.php\/wp-json\/wp\/v2\/media\/134"}],"wp:attachment":[{"href":"https:\/\/cmvaccoord.nl\/index.php\/wp-json\/wp\/v2\/media?parent=133"}],"curies":[{"name":"wp","href":"https:\/\/api.w.org\/{rel}","templated":true}]}}